{"id":53,"date":"2024-08-21T12:26:07","date_gmt":"2024-08-21T10:26:07","guid":{"rendered":"https:\/\/golysz.pan.pl\/?page_id=53"},"modified":"2026-01-27T13:58:23","modified_gmt":"2026-01-27T12:58:23","slug":"kontakt","status":"publish","type":"page","link":"https:\/\/golysz.pan.pl\/?page_id=53","title":{"rendered":"Kontakt"},"content":{"rendered":"\n    \n    <section class=\"u-align-center u-clearfix u-container-align-center u-section-2\" id=\"sec-46dc\">\n      <div class=\"u-clearfix u-sheet u-valign-top-lg u-valign-top-md u-valign-top-sm u-valign-top-xl u-sheet-1\">\n        <div class=\"data-layout-selected u-clearfix u-expanded-width u-gutter-10 u-layout-wrap u-layout-wrap-1\">\n          <div class=\"u-gutter-0 u-layout\">\n            <div class=\"u-layout-row\">\n              <div class=\"u-size-30\">\n                <div class=\"u-layout-col\">\n                  <div class=\"u-align-left u-container-align-left u-container-style u-layout-cell u-left-cell u-size-30 u-layout-cell-1\">\n                    <div class=\"u-container-layout u-container-layout-1\">\n                      <h2 class=\"u-align-center u-text u-text-1\">Zak\u0142ad Ichtiobiologii i\u200b Gospodarki Rybackiej w Go\u0142yszu<\/h2>\n                      <p class=\"u-align-center u-text u-text-2\">ul. Kalinowa 2\u200b, 43-520 Zaborze<\/p>\n                      <p class=\"u-text u-text-3\">Numery wewn\u0119trzne:<br>\n                        <br>Sekretariat: 212<br>Kadry: 234<br>Ksi\u0119gowo\u015b\u0107: 219<br>Laboratorium: 226<br>Dzia\u0142 akwakultury: 217<br>Dzia\u0142 techniczny: 220\n                      <\/p>\n                      <p class=\"u-align-left u-text u-text-4\">Tel.: +48 33 856 15 51 <br>\n                        <br>zigr@golysz.pan.pl<br>\n                        <br>NIP: 525-15-75-083<br>\n                      <\/p>\n                    <\/div>\n                  <\/div>\n                  <div class=\"u-align-left u-container-align-left u-container-style u-layout-cell u-left-cell u-size-30 u-layout-cell-2\">\n                    <div class=\"u-container-layout u-container-layout-2\">\n                      <h6 class=\"u-align-center u-text u-text-default u-text-5\">Napisz do nas<\/h6>\n                      <div class=\"u-form u-form-1\">\n                        <form action=\"https:\/\/forms.nicepagesrv.com\/v2\/form\/process\" class=\"u-clearfix u-form-spacing-10 u-form-vertical u-inner-form\" style=\"padding: 0px;\" source=\"email\" name=\"form-5\">\n                          <div class=\"u-form-group u-form-name u-label-none\">\n                            <label class=\"u-label\">Name<\/label>\n                            <input type=\"text\" placeholder=\"Imi\u0119 i Nazwisko\" id=\"name-5359\" name=\"name\" class=\"u-input u-input-rectangle\" required=\"\">\n                          <\/div>\n                          <div class=\"u-form-email u-form-group u-label-none\">\n                            <label class=\"u-label\">Email<\/label>\n                            <input type=\"email\" placeholder=\"Tw\u00f3j adres e-mail\" id=\"email-5359\" name=\"email\" class=\"u-input u-input-rectangle\" required=\"\">\n                          <\/div>\n                          <div class=\"u-form-group u-form-message u-label-none\">\n                            <label class=\"u-label\">Address<\/label>\n                            <textarea placeholder=\"Tre\u015b\u0107 wiadomo\u015bci\u200b\" id=\"message-5359\" name=\"message\" class=\"u-input u-input-rectangle\" required=\"\"><\/textarea>\n                          <\/div>\n                          <div class=\"u-form-group u-form-submit\">\n                            <a href=\"#\" class=\"u-btn u-btn-round u-btn-submit u-button-style u-radius u-btn-1\">Wy\u015blij <\/a>\n                            <input type=\"submit\" value=\"submit\" class=\"u-form-control-hidden\">\n                          <\/div>\n                          <div class=\"u-form-send-message u-form-send-success\">Thank you! Your message has been sent.<\/div>\n                          <div class=\"u-form-send-error u-form-send-message\">Unable to send your message. Please fix errors then try again.<\/div>\n                          <input type=\"hidden\" value=\"\" name=\"recaptchaResponse\">\n                          <input type=\"hidden\" name=\"formServices\" value=\"d7ee4af4-f7c2-abbb-ad00-8da0e2bceade\">\n                        <\/form>\n                      <\/div>\n                    <\/div>\n                  <\/div>\n                <\/div>\n              <\/div>\n              <div class=\"u-size-30\">\n                <div class=\"u-layout-col\">\n                  <div class=\"u-align-left u-container-align-left u-container-style u-layout-cell u-right-cell u-size-60 u-layout-cell-3\">\n                    <div class=\"u-container-layout u-container-layout-3\">\n                      <div class=\"u-expanded u-grey-light-2 u-map\">\n                        <div class=\"embed-responsive\">\n                          <iframe class=\"embed-responsive-item\" src=\"https:\/\/maps.google.com\/maps?output=embed&amp;q=Kalinowa%202%2C%2043-520%20Zaborze&amp;z=10&amp;t=m\" data-map=\"JTdCJTIycG9zaXRpb25UeXBlJTIyJTNBJTIybWFwLWFkZHJlc3MlMjIlMkMlMjJhZGRyZXNzJTIyJTNBJTIyS2FsaW5vd2ElMjAyJTJDJTIwNDMtNTIwJTIwWmFib3J6ZSUyMiUyQyUyMnpvb20lMjIlM0ExMCUyQyUyMnR5cGVJZCUyMiUzQSUyMnJvYWQlMjIlMkMlMjJsYW5nJTIyJTNBJTIyJTIyJTJDJTIyYXBpS2V5JTIyJTNBJTIyJTIyJTdE\"><\/iframe>\n                        <\/div>\n                      <\/div>\n                    <\/div>\n                  <\/div>\n                <\/div>\n              <\/div>\n            <\/div>\n          <\/div>\n        <\/div>\n      <\/div>\n    <\/section>\n    <section class=\"u-align-center u-clearfix u-container-align-center u-image u-shading u-section-3\" src=\"\" id=\"sec-ab51\" data-image-width=\"3967\" data-image-height=\"2703\" style=\"background-image: linear-gradient(0deg, rgba(0, 0, 0, 0.5), rgba(0, 0, 0, 0.5)), url(&quot;https:\/\/golysz.pan.pl\/wp-content\/uploads\/2024\/08\/IMG_20210518_194746.jpg&quot;);\">\n      <div class=\"u-clearfix u-sheet u-valign-middle u-sheet-1\">\n        <h2 class=\"u-text u-text-default u-text-1\">Zak\u0142ad Ichtiobiologii i Gospodarki Rybackiej w Go\u0142yszu<\/h2>\n        <p class=\"u-text u-text-2\">ul. Kalinowa 2, 43-520 Zaborze<\/p>\n        <p class=\"u-text u-text-3\">Tel. \u200b+48 33 856 15 51<br>\n        <\/p>\n        <p class=\"u-text u-text-4\">zigr@golysz.pan.pl<\/p>\n      <\/div>\n    <\/section>\n    \n    \n    \n  \n","protected":false},"excerpt":{"rendered":"<p>Zak\u0142ad Ichtiobiologii i\u200b Gospodarki Rybackiej w Go\u0142yszu ul. Kalinowa 2\u200b, 43-520 Zaborze Numery wewn\u0119trzne: Sekretariat: 212Kadry: 234Ksi\u0119gowo\u015b\u0107: 219Laboratorium: 226Dzia\u0142 akwakultury: 217Dzia\u0142 techniczny: 220 Tel.: +48 33 856 15 51 zigr@golysz.pan.pl NIP: 525-15-75-083 Napisz do nas Name Email Address Wy\u015blij Thank you! Your message has been sent. Unable to send your message. Please fix errors then &hellip; <a href=\"https:\/\/golysz.pan.pl\/?page_id=53\" class=\"more-link\">Continue reading<span class=\"screen-reader-text\"> &#8222;Kontakt&#8221;<\/span><\/a><\/p>\n","protected":false},"author":2,"featured_media":0,"parent":0,"menu_order":2,"comment_status":"closed","ping_status":"closed","template":"","meta":{"footnotes":""},"class_list":["post-53","page","type-page","status-publish","hentry"],"_links":{"self":[{"href":"https:\/\/golysz.pan.pl\/index.php?rest_route=\/wp\/v2\/pages\/53","targetHints":{"allow":["GET"]}}],"collection":[{"href":"https:\/\/golysz.pan.pl\/index.php?rest_route=\/wp\/v2\/pages"}],"about":[{"href":"https:\/\/golysz.pan.pl\/index.php?rest_route=\/wp\/v2\/types\/page"}],"author":[{"embeddable":true,"href":"https:\/\/golysz.pan.pl\/index.php?rest_route=\/wp\/v2\/users\/2"}],"replies":[{"embeddable":true,"href":"https:\/\/golysz.pan.pl\/index.php?rest_route=%2Fwp%2Fv2%2Fcomments&post=53"}],"version-history":[{"count":10,"href":"https:\/\/golysz.pan.pl\/index.php?rest_route=\/wp\/v2\/pages\/53\/revisions"}],"predecessor-version":[{"id":251,"href":"https:\/\/golysz.pan.pl\/index.php?rest_route=\/wp\/v2\/pages\/53\/revisions\/251"}],"wp:attachment":[{"href":"https:\/\/golysz.pan.pl\/index.php?rest_route=%2Fwp%2Fv2%2Fmedia&parent=53"}],"curies":[{"name":"wp","href":"https:\/\/api.w.org\/{rel}","templated":true}]}}