{"id":55,"date":"2024-08-21T12:26:09","date_gmt":"2024-08-21T10:26:09","guid":{"rendered":"https:\/\/golysz.pan.pl\/?page_id=55"},"modified":"2026-04-23T10:23:24","modified_gmt":"2026-04-23T08:23:24","slug":"ogloszenia","status":"publish","type":"page","link":"https:\/\/golysz.pan.pl\/?page_id=55","title":{"rendered":"Og\u0142oszenia"},"content":{"rendered":"\n    \n    <section class=\"u-clearfix u-section-2\" id=\"carousel_142c\">\n      <div class=\"u-clearfix u-sheet u-sheet-1\">\n        <div class=\"custom-expanded u-align-center u-list u-list-1\">\n          <div class=\"u-repeater u-repeater-1\">\n            <div class=\"u-container-align-center u-container-style u-list-item u-palette-1-dark-1 u-radius u-repeater-item u-shape-round u-list-item-1\" data-animation-name=\"customAnimationIn\" data-animation-duration=\"1000\" data-animation-delay=\"0\" data-animation-out=\"0\">\n              <div class=\"u-container-layout u-similar-container u-container-layout-1\">\n                <p class=\"u-align-center u-custom-font u-heading-font u-text u-text-1\">Og\u0142osz\u200beniE<\/p>\n              <\/div>\n            <\/div>\n          <\/div>\n        <\/div>\n      <\/div>\n    <\/section>\n    <section class=\"u-clearfix u-section-3\" id=\"sec-6af1\">\n      <div class=\"u-clearfix u-sheet u-sheet-1\">\n        <p class=\"u-align-center u-text u-text-1\"> I PRZETARG NA SPRZEDA\u017b - DZIA\u0141KA NR EW. 775\/8 - OCHABY MA\u0141E,\nGMINA SKOCZ\u00d3W, POWIAT CIESZY\u0143SKI, WOJEW\u00d3DZTWO \u015aL\u0104SKIE&nbsp;&nbsp;<br>\n        <\/p>\n        <p class=\"u-align-justify u-text u-text-2\"> Niezabudowana nieruchomo\u015b\u0107 w atrakcyjnej lokalizacji- pod zabudow\u0119&nbsp;us\u0142ugi sportu, rekreacji i turystyki.&nbsp; Atrakcyjna dzia\u0142ka o powierzchni 1,5318 ha. Posiada kszta\u0142t regularnego wielok\u0105ta, po\u0142o\u017cona na terenie p\u0142askim, dojazd mo\u017cliwy jest be\u017cpo\u015brednio od ul. Krzempka.<br>\n        <\/p>\n        <p class=\"u-align-left u-text u-text-3\">\n          <a class=\"u-active-none u-border-none u-btn u-button-link u-button-style u-hover-none u-none u-text-palette-1-base u-btn-1\" href=\"https:\/\/nieruchomosci.pan.pl\/index.php?option=com_content&amp;view=article&amp;id=297:ochaby-male-ul-krzempka-dz-nr-775-8-nieruchomosc-niezabudowana-i-przetarg&amp;catid=10&amp;Itemid=152\" target=\"_blank\">Kliknij tutaj aby przeczyta\u0107 pe\u0142n\u0105 tre\u015b\u0107 og\u0142oszenia <\/a>\n        <\/p>\n        <img decoding=\"async\" class=\"u-image u-image-default u-image-1\" src=\"https:\/\/golysz.pan.pl\/wp-content\/uploads\/2026\/04\/PAN_dzialka_ochaby-scaled.jpg\" alt=\"\" data-image-width=\"4608\" data-image-height=\"3456\">\n      <\/div>\n    <\/section>\n    <section class=\"u-clearfix u-section-4\" id=\"sec-c102\">\n      <div class=\"u-clearfix u-sheet u-sheet-1\">\n        <div class=\"custom-expanded u-align-center u-list u-list-1\">\n          <div class=\"u-repeater u-repeater-1\">\n            <div class=\"u-container-align-center u-container-style u-list-item u-palette-1-dark-1 u-radius u-repeater-item u-shape-round u-list-item-1\" data-animation-name=\"customAnimationIn\" data-animation-duration=\"1000\" data-animation-delay=\"0\" data-animation-out=\"0\">\n              <div class=\"u-container-layout u-similar-container u-container-layout-1\">\n                <p class=\"u-align-center u-custom-font u-heading-font u-text u-text-1\">Og\u0142osz\u200beniE<\/p>\n              <\/div>\n            <\/div>\n          <\/div>\n        <\/div>\n      <\/div>\n    <\/section>\n    <section class=\"u-clearfix u-section-5\" id=\"sec-2e36\">\n      <div class=\"u-clearfix u-sheet u-valign-middle-lg u-valign-middle-md u-valign-middle-sm u-valign-middle-xs u-sheet-1\">\n        <p class=\"u-align-center u-text u-text-1\"> OG\u0141OSZENIE O PRZETARGU OFERTOWYM NA SPRZEDA\u017b U\u017bYWANEGO <br>SAMOCHODU CI\u0118\u017bAROWEGO STAR<br>nr sprawy PO \u2013 3\/2026<br>\n        <\/p>\n        <p class=\"u-align-left u-text u-text-2\">Do pobrania:<br>\n        <\/p>\n        <p class=\"u-align-left u-text u-text-3\">\n          <a class=\"u-active-none u-border-none u-btn u-button-link u-button-style u-file-link u-hover-none u-none u-text-palette-1-base u-btn-1\" href=\"https:\/\/golysz.pan.pl\/wp-content\/uploads\/2026\/04\/OgoszeniePO32026Sprzedasamochoducizarowego.pdf\">1) Pe\u0142en tekst og\u0142oszenia<\/a>\n        <\/p>\n        <p class=\"u-align-left u-text u-text-4\">\n          <a class=\"u-active-none u-border-none u-btn u-button-link u-button-style u-file-link u-hover-none u-none u-text-palette-1-base u-btn-2\" href=\"https:\/\/golysz.pan.pl\/wp-content\/uploads\/2026\/04\/Formularzofertowyzaczniknr1.pdf\">2) Za\u0142\u0105cznik 1 (formularz ofertowy) <\/a>\n        <\/p>\n        <p class=\"u-align-left u-text u-text-5\">\n          <a class=\"u-active-none u-border-none u-btn u-button-link u-button-style u-file-link u-hover-none u-none u-text-palette-1-base u-btn-3\" href=\"https:\/\/golysz.pan.pl\/wp-content\/uploads\/2026\/04\/WzrumowysprzedayZaczniknr2.pdf\">3) Za\u0142\u0105cznik 2 (wz\u00f3r umowy)<\/a>\n        <\/p>\n        <p class=\"u-align-left u-text u-text-6\">\n          <a class=\"u-active-none u-border-none u-btn u-button-link u-button-style u-file-link u-hover-none u-none u-text-palette-1-base u-btn-4\" href=\"https:\/\/golysz.pan.pl\/wp-content\/uploads\/2026\/04\/PO32026izoo.pdf\"><span class=\"u-text-palette-1-base\">4<\/span>) <span class=\"u-text-palette-1-base\">Informacja z otwarcia ofert<\/span>\n          <\/a>\n        <\/p>\n        <img decoding=\"async\" class=\"u-image u-image-default u-image-1\" src=\"https:\/\/golysz.pan.pl\/wp-content\/uploads\/2026\/04\/IMG-20240130-WA0031.jpg\" alt=\"\" data-image-width=\"1600\" data-image-height=\"1200\">\n      <\/div>\n    <\/section>\n    <section class=\"u-clearfix u-section-6\" id=\"sec-a7b9\">\n      <div class=\"u-clearfix u-sheet u-sheet-1\">\n        <div class=\"custom-expanded u-align-center u-list u-list-1\">\n          <div class=\"u-repeater u-repeater-1\">\n            <div class=\"u-container-align-center u-container-style u-list-item u-palette-1-dark-1 u-radius u-repeater-item u-shape-round u-list-item-1\" data-animation-name=\"customAnimationIn\" data-animation-duration=\"1000\" data-animation-delay=\"0\" data-animation-out=\"0\">\n              <div class=\"u-container-layout u-similar-container u-container-layout-1\">\n                <p class=\"u-align-center u-custom-font u-heading-font u-text u-text-1\">Og\u0142osz\u200beniE<\/p>\n              <\/div>\n            <\/div>\n          <\/div>\n        <\/div>\n      <\/div>\n    <\/section>\n    <section class=\"u-clearfix u-section-7\" id=\"sec-e991\">\n      <div class=\"u-clearfix u-sheet u-valign-middle u-sheet-1\">\n        <img decoding=\"async\" class=\"u-image u-image-contain u-image-default u-image-1\" src=\"https:\/\/golysz.pan.pl\/wp-content\/uploads\/2025\/02\/Baner.png\" alt=\"\" data-image-width=\"945\" data-image-height=\"135\">\n      <\/div>\n    <\/section>\n    <section class=\"u-clearfix u-section-8\" id=\"sec-fd9c\">\n      <div class=\"u-clearfix u-sheet u-sheet-1\">\n        <p class=\"u-align-center u-text u-text-default u-text-1\"> Polska Akademia Nauk Zak\u0142ad Ichtiobiologii i Gospodarki Rybackiej w Go\u0142yszu uzyska\u0142 dofinansowanie z Unii Europejskiej na projekt pt. \u201eRekompensaty wodno\u015brodowiskowe\u201d w zakresie Priorytetu 2. Wsparcie zr\u00f3wnowa\u017conej dzia\u0142alno\u015bci w zakresie akwakultury oraz przetwarzania i wprowadzania do obrotu produkt\u00f3w rybo\u0142\u00f3wstw i akwakultury, przyczyniaj\u0105c si\u0119  w ten spos\u00f3b do bezpiecze\u0144stwa \u017cywno\u015bciowego w Unii obj\u0119tego programem Fundusze Europejskie dla Rybactwa na lata 2021-2027. <br>\n          <br>W ramach pi\u0119cioletniego okresu prowadzenia operacji wspierane b\u0119d\u0105 zobowi\u0105zania realizowane w ramach: <br>- Pakietu 1, obejmuj\u0105cego \u0142\u0105czne i nieprzerwane wype\u0142nienie wymog\u00f3w - rocznego ca\u0142kowitego przyrostu masy ryb poni\u017cej 1500 kg\/ha powierzchni ogroblowanej obiektu chowu i hodowli ryb oraz wykaszanie nie mniej ni\u017c 1\/2 d\u0142ugo\u015bci koron grobli na szeroko\u015b\u0107 nie mniejsz\u0105 ni\u017c 1 m co najmniej dwukrotnie w sezonie w terminie do dnia 15 wrze\u015bnia, <br>- Pakietu 2, obejmuj\u0105cego wym\u00f3g produkcji dodatkowych cennych gatunk\u00f3w ryb w ilo\u015bci co najmniej 3,75 % masy r\u00f3wnej produkcji karpi w danym obiekcie chowu lub hodowli ryb <br>\n          <br>Realizacja projektu od 1.01.2024 do 31.12.2028. <br>\n          <br>Projekt jest skierowany do producent\u00f3w akwakultury i podmiot\u00f3w prowadz\u0105cych dzia\u0142alno\u015b\u0107 w zakresie chowu i hodowli ryb. <br>\n          <br>Cel projektu: Promowanie akwakultury o wysokim poziomie ochrony \u015brodowiska lub wsparcie wykorzystania tradycyjnych lub przyjaznych \u015brodowisku praktyk i technik w chowie lub hodowli ryb <br>\n          <br>Operacja przyniesie korzy\u015bci og\u00f3\u0142owi spo\u0142ecze\u0144stwa przyczyniaj\u0105c si\u0119 do dobrego stanu \u015brodowiska, zdrowia i dobrostanu zwierz\u0105t oraz zdrowia i bezpiecze\u0144stwa publicznego. <br>\n          <br>Warto\u015b\u0107 dofinansowania: 162.714,15 z\u0142 <br>\n          <br>Warto\u015b\u0107 wsp\u00f3\u0142finansowania ze \u015arodk\u00f3w Europejskich w ramach Europejskiego Funduszu Morskiego, Rybackiego i Akwakultury: 113.899,90 z\u0142 <br>\n          <br> www.rybactwo.gov.pl <br>\n          <br>#FunduszeUE <br>#FunduszeEuropejskiedlaRybactwa <br>#rybactwo <br>#EFMRA&nbsp;&nbsp;\n        <\/p>\n      <\/div>\n    <\/section>\n    <section class=\"u-clearfix u-section-9\" id=\"carousel_0973\">\n      <div class=\"u-clearfix u-sheet u-sheet-1\">\n        <div class=\"custom-expanded u-align-center u-list u-list-1\">\n          <div class=\"u-repeater u-repeater-1\">\n            <div class=\"u-container-align-center u-container-style u-list-item u-palette-1-dark-1 u-radius u-repeater-item u-shape-round u-list-item-1\" data-animation-name=\"customAnimationIn\" data-animation-duration=\"1000\" data-animation-delay=\"0\" data-animation-out=\"0\">\n              <div class=\"u-container-layout u-similar-container u-container-layout-1\">\n                <p class=\"u-align-center u-custom-font u-heading-font u-text u-text-1\">Archiw\u200bum <\/p>\n              <\/div>\n            <\/div>\n          <\/div>\n        <\/div>\n        <p class=\"u-align-center u-text u-text-2\">2023<\/p>\n        <p class=\"u-align-left u-heading-font u-text u-text-3\">\n          <a class=\"u-active-none u-border-none u-btn u-button-link u-button-style u-hover-none u-none u-text-palette-1-base u-btn-1\" href=\"#\" target=\"_blank\">1) Przetarg nieograniczony na olej nap\u0119dowy 2500L wraz z dostaw\u0105&nbsp;<\/a>\n        <\/p>\n      <\/div>\n    <\/section>\n    <section class=\"u-align-center u-clearfix u-container-align-center u-image u-shading u-section-10\" src=\"\" id=\"sec-f8f6\" data-image-width=\"3967\" data-image-height=\"2703\" style=\"background-image: linear-gradient(0deg, rgba(0, 0, 0, 0.5), rgba(0, 0, 0, 0.5)), url(&quot;https:\/\/golysz.pan.pl\/wp-content\/uploads\/2024\/08\/IMG_20210518_194746.jpg&quot;);\">\n      <div class=\"u-clearfix u-sheet u-sheet-1\">\n        <h2 class=\"u-text u-text-1\">Zak\u0142ad Ichtiobiologii i Gospodarki Rybackiej w Go\u0142yszu<\/h2>\n        <p class=\"u-text u-text-2\">ul. Kalinowa 2, 43-520 Zaborze<\/p>\n        <p class=\"u-text u-text-3\">Tel. \u200b+48 33 856 15 51<br>\n        <\/p>\n        <p class=\"u-text u-text-4\">zigr@golysz.pan.pl<br>\n        <\/p>\n      <\/div>\n    <\/section>\n    \n    \n    \n  \n","protected":false},"excerpt":{"rendered":"<p>Og\u0142osz\u200beniE I PRZETARG NA SPRZEDA\u017b &#8211; DZIA\u0141KA NR EW. 775\/8 &#8211; OCHABY MA\u0141E, GMINA SKOCZ\u00d3W, POWIAT CIESZY\u0143SKI, WOJEW\u00d3DZTWO \u015aL\u0104SKIE&nbsp;&nbsp; Niezabudowana nieruchomo\u015b\u0107 w atrakcyjnej lokalizacji- pod zabudow\u0119&nbsp;us\u0142ugi sportu, rekreacji i turystyki.&nbsp; Atrakcyjna dzia\u0142ka o powierzchni 1,5318 ha. Posiada kszta\u0142t regularnego wielok\u0105ta, po\u0142o\u017cona na terenie p\u0142askim, dojazd mo\u017cliwy jest be\u017cpo\u015brednio od ul. Krzempka. Kliknij tutaj aby przeczyta\u0107 &hellip; <a href=\"https:\/\/golysz.pan.pl\/?page_id=55\" class=\"more-link\">Continue reading<span class=\"screen-reader-text\"> &#8222;Og\u0142oszenia&#8221;<\/span><\/a><\/p>\n","protected":false},"author":2,"featured_media":0,"parent":0,"menu_order":4,"comment_status":"closed","ping_status":"closed","template":"","meta":{"footnotes":""},"class_list":["post-55","page","type-page","status-publish","hentry"],"_links":{"self":[{"href":"https:\/\/golysz.pan.pl\/index.php?rest_route=\/wp\/v2\/pages\/55","targetHints":{"allow":["GET"]}}],"collection":[{"href":"https:\/\/golysz.pan.pl\/index.php?rest_route=\/wp\/v2\/pages"}],"about":[{"href":"https:\/\/golysz.pan.pl\/index.php?rest_route=\/wp\/v2\/types\/page"}],"author":[{"embeddable":true,"href":"https:\/\/golysz.pan.pl\/index.php?rest_route=\/wp\/v2\/users\/2"}],"replies":[{"embeddable":true,"href":"https:\/\/golysz.pan.pl\/index.php?rest_route=%2Fwp%2Fv2%2Fcomments&post=55"}],"version-history":[{"count":36,"href":"https:\/\/golysz.pan.pl\/index.php?rest_route=\/wp\/v2\/pages\/55\/revisions"}],"predecessor-version":[{"id":272,"href":"https:\/\/golysz.pan.pl\/index.php?rest_route=\/wp\/v2\/pages\/55\/revisions\/272"}],"wp:attachment":[{"href":"https:\/\/golysz.pan.pl\/index.php?rest_route=%2Fwp%2Fv2%2Fmedia&parent=55"}],"curies":[{"name":"wp","href":"https:\/\/api.w.org\/{rel}","templated":true}]}}