{"id":56,"date":"2024-08-21T12:26:10","date_gmt":"2024-08-21T10:26:10","guid":{"rendered":"https:\/\/golysz.pan.pl\/?page_id=56"},"modified":"2026-01-27T14:07:05","modified_gmt":"2026-01-27T13:07:05","slug":"strona-glowna","status":"publish","type":"page","link":"https:\/\/golysz.pan.pl\/","title":{"rendered":"Strona g\u0142\u00f3wna"},"content":{"rendered":"\n    \n    <section class=\"u-clearfix u-image u-lightbox u-section-2\" src=\"\" id=\"sec-f2e1\" data-image-width=\"1600\" data-image-height=\"1200\" style=\"background-image: url(&quot;https:\/\/golysz.pan.pl\/wp-content\/uploads\/2024\/08\/Zaklad.jpg&quot;);\">\n      <div class=\"u-clearfix u-sheet u-valign-middle u-sheet-1\">\n        <div class=\"u-container-style u-group u-palette-1-dark-1 u-radius u-shape-round u-group-1\" data-animation-name=\"customAnimationIn\" data-animation-duration=\"1000\" data-animation-delay=\"1500\" data-animation-out=\"0\">\n          <div class=\"u-container-layout u-container-layout-1\">\n            <h1 class=\"u-align-center u-text u-text-1\" data-animation-name=\"customAnimationIn\" data-animation-duration=\"1750\" data-animation-delay=\"1000\" data-animation-out=\"0\">Witamy na stronie Zak\u0142adu Ichtiobiologii&nbsp;<br>i Gospodarki Rybackiej w Go\u0142yszu \n            <\/h1>\n            <ul class=\"u-large-text u-text u-text-variant u-text-2\">\n              <li> Wykonujemy badania w systemie DPL <\/li>\n              <li> Prowadzimy szkolenia w zakresie gospodarki stawowej <\/li>\n              <li> Wykonujemy diagnostyk\u0119 chor\u00f3b ryb <\/li>\n              <li> Oferujemy materia\u0142 obsadowy <\/li>\n            <\/ul>\n            <a href=\"https:\/\/golysz.pan.pl\/?page_id=54\" class=\"u-align-center u-border-none u-btn u-btn-round u-button-style u-hover-grey-30 u-radius-50 u-text-palette-1-base u-white u-btn-1\">naszA oferta...<\/a>\n          <\/div>\n        <\/div>\n      <\/div>\n    <\/section>\n    <section class=\"u-align-center u-clearfix u-container-align-center u-section-3\" id=\"sec-37ff\">\n      <div class=\"u-clearfix u-sheet u-valign-middle u-sheet-1\">\n        <div class=\"u-expanded-width u-list u-list-1\">\n          <div class=\"u-repeater u-repeater-1\">\n            <div class=\"u-align-left u-container-align-center u-container-align-left u-container-style u-custom-item u-list-item u-palette-1-dark-1 u-radius u-repeater-item u-shape-round u-list-item-1\" data-animation-name=\"customAnimationIn\" data-animation-duration=\"1000\" data-animation-out=\"0\">\n              <div class=\"u-container-layout u-similar-container u-container-layout-1\">\n                <h2 class=\"u-align-center u-custom-item u-text u-text-1\" data-animation-name=\"customAnimationIn\" data-animation-duration=\"1000\" data-animation-delay=\"0\" data-animation-out=\"0\">\n                  <a class=\"u-active-none u-border-none u-btn u-button-link u-button-style u-hover-none u-none u-text-hover-grey-30 u-block-control u-btn-1\" data-href=\"https:\/\/golysz.pan.pl\/?page_id=55\" href=\"https:\/\/golysz.pan.pl\/?page_id=55\"> Og\u0142oszenia<\/a>\n                <\/h2>\n              <\/div>\n            <\/div>\n            <div class=\"u-align-left u-container-align-center u-container-align-left u-container-style u-custom-item u-list-item u-palette-1-dark-1 u-radius u-repeater-item u-shape-round u-list-item-2\" data-animation-name=\"customAnimationIn\" data-animation-duration=\"1000\" data-animation-delay=\"0\" data-animation-out=\"0\">\n              <div class=\"u-container-layout u-similar-container u-container-layout-2\">\n                <h2 class=\"u-align-center u-custom-item u-text u-text-palette-1-base u-text-2\" data-animation-name=\"customAnimationIn\" data-animation-duration=\"1000\" data-animation-delay=\"0\" data-animation-out=\"0\">\n                  <a class=\"u-active-none u-border-none u-btn u-button-link u-button-style u-hover-none u-none u-text-body-alt-color u-text-hover-grey-30 u-block-control u-btn-2\" data-href=\"https:\/\/golysz.pan.pl\/?page_id=54\" href=\"https:\/\/golysz.pan.pl\/?page_id=52\">O nas <\/a>\n                <\/h2>\n              <\/div>\n            <\/div>\n            <div class=\"u-align-left u-container-align-center u-container-align-left u-container-style u-custom-item u-list-item u-palette-1-dark-1 u-radius u-repeater-item u-shape-round u-list-item-3\" data-animation-name=\"customAnimationIn\" data-animation-duration=\"1000\" data-animation-out=\"0\">\n              <div class=\"u-container-layout u-similar-container u-container-layout-3\">\n                <h2 class=\"u-align-center u-custom-item u-text u-text-palette-1-base u-text-3\" data-animation-name=\"customAnimationIn\" data-animation-duration=\"1000\" data-animation-delay=\"0\" data-animation-out=\"0\">\n                  <a class=\"u-active-none u-border-none u-btn u-button-link u-button-style u-hover-none u-none u-text-body-alt-color u-text-hover-grey-30 u-block-control u-btn-3\" data-href=\"https:\/\/golysz.pan.pl\/?page_id=52\" href=\"https:\/\/golysz.pan.pl\/?page_id=53\">Kontakt<\/a>\n                <\/h2>\n              <\/div>\n            <\/div>\n          <\/div>\n        <\/div>\n      <\/div>\n    <\/section>\n    <section class=\"u-clearfix u-section-4\" id=\"sec-5d3c\">\n      <div class=\"u-carousel u-carousel-duration-1000 u-expanded-width u-gallery u-gallery-slider u-layout-carousel u-lightbox u-no-transition u-show-text-always u-gallery-1\" data-interval=\"3000\" data-u-ride=\"carousel\" id=\"carousel-f324\" data-pause=\"false\">\n        <ol class=\"u-absolute-hcenter u-carousel-indicators u-carousel-indicators-1\">\n          <li data-u-target=\"#carousel-f324\" data-u-slide-to=\"0\" class=\"u-active u-grey-70 u-shape-circle\" style=\"width: 10px; height: 10px;\"><\/li>\n          <li data-u-target=\"#carousel-f324\" data-u-slide-to=\"1\" class=\"u-grey-70 u-shape-circle\" style=\"width: 10px; height: 10px;\"><\/li>\n          <li data-u-target=\"#carousel-f324\" data-u-slide-to=\"2\" class=\"u-grey-70 u-shape-circle\" style=\"width: 10px; height: 10px;\"><\/li>\n          <li data-u-target=\"#carousel-f324\" data-u-slide-to=\"3\" class=\"u-grey-70 u-shape-circle\" style=\"width: 10px; height: 10px;\"><\/li>\n          <li data-u-target=\"#carousel-f324\" data-u-slide-to=\"4\" class=\"u-grey-70 u-shape-circle\" style=\"width: 10px; height: 10px;\"><\/li>\n          <li data-u-target=\"#carousel-f324\" data-u-slide-to=\"5\" class=\"u-grey-70 u-shape-circle\" style=\"width: 10px; height: 10px;\"><\/li>\n          <li data-u-target=\"#carousel-f324\" data-u-slide-to=\"6\" class=\"u-grey-70 u-shape-circle\" style=\"width: 10px; height: 10px;\"><\/li>\n          <li data-u-target=\"#carousel-f324\" data-u-slide-to=\"7\" class=\"u-grey-70 u-shape-circle\" style=\"width: 10px; height: 10px;\"><\/li>\n          <li data-u-target=\"#carousel-f324\" data-u-slide-to=\"8\" class=\"u-grey-70 u-shape-circle\" style=\"width: 10px; height: 10px;\"><\/li>\n          <li data-u-target=\"#carousel-f324\" data-u-slide-to=\"9\" class=\"u-grey-70 u-shape-circle\" style=\"width: 10px; height: 10px;\"><\/li>\n        <\/ol>\n        <div class=\"u-carousel-inner u-gallery-inner\" role=\"listbox\">\n          <div class=\"u-active u-carousel-item u-gallery-item u-carousel-item-1\">\n            <div class=\"u-back-slide\" data-image-width=\"4000\" data-image-height=\"3000\">\n              <img decoding=\"async\" class=\"u-back-image u-expanded\" src=\"https:\/\/golysz.pan.pl\/wp-content\/uploads\/2024\/08\/Lab2-scaled.jpg\">\n            <\/div>\n            <div class=\"u-align-center u-over-slide u-shading u-valign-bottom u-over-slide-1\"><\/div>\n          <\/div>\n          <div class=\"u-carousel-item u-gallery-item u-carousel-item-2\" data-image-width=\"2272\" data-image-height=\"1704\">\n            <div class=\"u-back-slide\">\n              <img decoding=\"async\" class=\"u-back-image u-expanded\" src=\"https:\/\/golysz.pan.pl\/wp-content\/uploads\/2024\/08\/Lab.jpg\">\n            <\/div>\n            <div class=\"u-align-center u-over-slide u-shading u-valign-bottom u-over-slide-2\"><\/div>\n            <style data-mode=\"XL\" data-visited=\"true\"><\/style>\n            <style data-mode=\"LG\"><\/style>\n            <style data-mode=\"MD\"><\/style>\n            <style data-mode=\"SM\"><\/style>\n            <style data-mode=\"XS\" data-visited=\"true\"><\/style>\n          <\/div>\n          <div class=\"u-carousel-item u-gallery-item u-carousel-item-3\">\n            <div class=\"u-back-slide\" data-image-width=\"2560\" data-image-height=\"1440\">\n              <img decoding=\"async\" class=\"u-back-image u-expanded\" src=\"https:\/\/golysz.pan.pl\/wp-content\/uploads\/2024\/08\/Sadze-scaled.jpg\">\n            <\/div>\n            <div class=\"u-align-center u-over-slide u-shading u-valign-bottom u-over-slide-3\"><\/div>\n          <\/div>\n          <div class=\"u-carousel-item u-gallery-item u-carousel-item-4\" data-image-width=\"2560\" data-image-height=\"1988\">\n            <div class=\"u-back-slide\">\n              <img decoding=\"async\" class=\"u-back-image u-expanded\" src=\"https:\/\/golysz.pan.pl\/wp-content\/uploads\/2024\/08\/Fish-scaled.jpg\">\n            <\/div>\n            <div class=\"u-align-center u-over-slide u-shading u-valign-bottom u-over-slide-4\"><\/div>\n            <style data-mode=\"XL\" data-visited=\"true\"><\/style>\n            <style data-mode=\"LG\"><\/style>\n            <style data-mode=\"MD\"><\/style>\n            <style data-mode=\"SM\"><\/style>\n            <style data-mode=\"XS\" data-visited=\"true\"><\/style>\n          <\/div>\n          <div class=\"u-carousel-item u-gallery-item u-carousel-item-5\" data-image-width=\"4080\" data-image-height=\"2296\">\n            <div class=\"u-back-slide\">\n              <img decoding=\"async\" class=\"u-back-image u-expanded\" src=\"https:\/\/golysz.pan.pl\/wp-content\/uploads\/2025\/04\/Mikroskopowy-scaled.jpg\">\n            <\/div>\n            <div class=\"u-align-center u-over-slide u-shading u-valign-bottom u-over-slide-5\"><\/div>\n            <style data-mode=\"XL\"><\/style>\n            <style data-mode=\"LG\"><\/style>\n            <style data-mode=\"MD\"><\/style>\n            <style data-mode=\"SM\"><\/style>\n            <style data-mode=\"XS\"><\/style>\n          <\/div>\n          <div class=\"u-carousel-item u-gallery-item u-carousel-item-6\" data-image-width=\"3039\" data-image-height=\"2296\">\n            <div class=\"u-back-slide\">\n              <img decoding=\"async\" class=\"u-back-image u-expanded\" src=\"https:\/\/golysz.pan.pl\/wp-content\/uploads\/2025\/04\/Pipeta-scaled.jpg\">\n            <\/div>\n            <div class=\"u-align-center u-over-slide u-shading u-valign-bottom u-over-slide-6\"><\/div>\n            <style data-mode=\"XL\"><\/style>\n            <style data-mode=\"LG\"><\/style>\n            <style data-mode=\"MD\"><\/style>\n            <style data-mode=\"SM\"><\/style>\n            <style data-mode=\"XS\"><\/style>\n          <\/div>\n          <div class=\"u-carousel-item u-gallery-item u-carousel-item-7\" data-image-width=\"4080\" data-image-height=\"2296\">\n            <div class=\"u-back-slide\">\n              <img decoding=\"async\" class=\"u-back-image u-expanded\" src=\"https:\/\/golysz.pan.pl\/wp-content\/uploads\/2025\/04\/Hodowla-scaled.jpg\">\n            <\/div>\n            <div class=\"u-align-center u-over-slide u-shading u-valign-bottom u-over-slide-7\"><\/div>\n            <style data-mode=\"XL\"><\/style>\n            <style data-mode=\"LG\"><\/style>\n            <style data-mode=\"MD\"><\/style>\n            <style data-mode=\"SM\"><\/style>\n            <style data-mode=\"XS\"><\/style>\n          <\/div>\n          <div class=\"u-carousel-item u-gallery-item u-carousel-item-8\" data-image-width=\"4080\" data-image-height=\"2296\">\n            <div class=\"u-back-slide\">\n              <img decoding=\"async\" class=\"u-back-image u-expanded\" src=\"https:\/\/golysz.pan.pl\/wp-content\/uploads\/2025\/04\/Gwny-scaled.jpg\">\n            <\/div>\n            <div class=\"u-align-center u-over-slide u-shading u-valign-bottom u-over-slide-8\"><\/div>\n            <style data-mode=\"XL\"><\/style>\n            <style data-mode=\"LG\"><\/style>\n            <style data-mode=\"MD\"><\/style>\n            <style data-mode=\"SM\"><\/style>\n            <style data-mode=\"XS\"><\/style>\n          <\/div>\n          <div class=\"u-carousel-item u-gallery-item u-carousel-item-9\" data-image-width=\"3983\" data-image-height=\"2296\">\n            <div class=\"u-back-slide\">\n              <img decoding=\"async\" class=\"u-back-image u-expanded\" src=\"https:\/\/golysz.pan.pl\/wp-content\/uploads\/2025\/04\/Dygestorium2-scaled.jpg\">\n            <\/div>\n            <div class=\"u-align-center u-over-slide u-shading u-valign-bottom u-over-slide-9\"><\/div>\n            <style data-mode=\"XL\"><\/style>\n            <style data-mode=\"LG\"><\/style>\n            <style data-mode=\"MD\"><\/style>\n            <style data-mode=\"SM\"><\/style>\n            <style data-mode=\"XS\"><\/style>\n          <\/div>\n          <div class=\"u-carousel-item u-gallery-item u-carousel-item-10\" data-image-width=\"3965\" data-image-height=\"2296\">\n            <div class=\"u-back-slide\">\n              <img decoding=\"async\" class=\"u-back-image u-expanded\" src=\"https:\/\/golysz.pan.pl\/wp-content\/uploads\/2025\/04\/Wagowy-scaled.jpg\">\n            <\/div>\n            <div class=\"u-align-center u-over-slide u-shading u-valign-bottom u-over-slide-10\"><\/div>\n            <style data-mode=\"XL\"><\/style>\n            <style data-mode=\"LG\"><\/style>\n            <style data-mode=\"MD\"><\/style>\n            <style data-mode=\"SM\"><\/style>\n            <style data-mode=\"XS\"><\/style>\n          <\/div>\n        <\/div>\n        <a class=\"u-absolute-vcenter u-carousel-control u-carousel-control-prev u-grey-70 u-icon-circle u-opacity u-opacity-70 u-spacing-10 u-text-white u-carousel-control-1\" href=\"#carousel-f324\" role=\"button\" data-u-slide=\"prev\"><span aria-hidden=\"true\">\n            <svg viewBox=\"0 0 451.847 451.847\"><path d=\"M97.141,225.92c0-8.095,3.091-16.192,9.259-22.366L300.689,9.27c12.359-12.359,32.397-12.359,44.751,0\nc12.354,12.354,12.354,32.388,0,44.748L173.525,225.92l171.903,171.909c12.354,12.354,12.354,32.391,0,44.744\nc-12.354,12.365-32.386,12.365-44.745,0l-194.29-194.281C100.226,242.115,97.141,234.018,97.141,225.92z\"><\/path><\/svg><\/span><span class=\"sr-only\">\n            <svg viewBox=\"0 0 451.847 451.847\"><path d=\"M97.141,225.92c0-8.095,3.091-16.192,9.259-22.366L300.689,9.27c12.359-12.359,32.397-12.359,44.751,0\nc12.354,12.354,12.354,32.388,0,44.748L173.525,225.92l171.903,171.909c12.354,12.354,12.354,32.391,0,44.744\nc-12.354,12.365-32.386,12.365-44.745,0l-194.29-194.281C100.226,242.115,97.141,234.018,97.141,225.92z\"><\/path><\/svg><\/span>\n        <\/a>\n        <a class=\"u-absolute-vcenter u-carousel-control u-carousel-control-next u-grey-70 u-icon-circle u-opacity u-opacity-70 u-spacing-10 u-text-white u-carousel-control-2\" href=\"#carousel-f324\" role=\"button\" data-u-slide=\"next\"><span aria-hidden=\"true\">\n            <svg viewBox=\"0 0 451.846 451.847\"><path d=\"M345.441,248.292L151.154,442.573c-12.359,12.365-32.397,12.365-44.75,0c-12.354-12.354-12.354-32.391,0-44.744\nL278.318,225.92L106.409,54.017c-12.354-12.359-12.354-32.394,0-44.748c12.354-12.359,32.391-12.359,44.75,0l194.287,194.284\nc6.177,6.18,9.262,14.271,9.262,22.366C354.708,234.018,351.617,242.115,345.441,248.292z\"><\/path><\/svg><\/span><span class=\"sr-only\">\n            <svg viewBox=\"0 0 451.846 451.847\"><path d=\"M345.441,248.292L151.154,442.573c-12.359,12.365-32.397,12.365-44.75,0c-12.354-12.354-12.354-32.391,0-44.744\nL278.318,225.92L106.409,54.017c-12.354-12.359-12.354-32.394,0-44.748c12.354-12.359,32.391-12.359,44.75,0l194.287,194.284\nc6.177,6.18,9.262,14.271,9.262,22.366C354.708,234.018,351.617,242.115,345.441,248.292z\"><\/path><\/svg><\/span>\n        <\/a>\n        <div class=\"u-gallery-item u-gallery-item-11\" data-image-width=\"3039\" data-image-height=\"2296\">\n          <div class=\"u-back-slide\">\n            <img decoding=\"async\" class=\"u-back-image u-expanded\" src=\"https:\/\/golysz.pan.pl\/wp-content\/uploads\/2025\/04\/Pipeta-scaled.jpg\">\n          <\/div>\n          <div class=\"u-align-center u-over-slide u-shading u-valign-bottom u-over-slide-11\"><\/div>\n        <\/div>\n        <div class=\"u-gallery-item u-gallery-item-12\" data-image-width=\"4080\" data-image-height=\"2296\">\n          <div class=\"u-back-slide\">\n            <img decoding=\"async\" class=\"u-back-image u-expanded\" src=\"https:\/\/golysz.pan.pl\/wp-content\/uploads\/2025\/04\/Hodowla-scaled.jpg\">\n          <\/div>\n          <div class=\"u-align-center u-over-slide u-shading u-valign-bottom u-over-slide-12\"><\/div>\n        <\/div>\n        <div class=\"u-gallery-item u-gallery-item-13\" data-image-width=\"4080\" data-image-height=\"2296\">\n          <div class=\"u-back-slide\">\n            <img decoding=\"async\" class=\"u-back-image u-expanded\" src=\"https:\/\/golysz.pan.pl\/wp-content\/uploads\/2025\/04\/Gwny-scaled.jpg\">\n          <\/div>\n          <div class=\"u-align-center u-over-slide u-shading u-valign-bottom u-over-slide-13\"><\/div>\n        <\/div>\n        <div class=\"u-gallery-item u-gallery-item-14\" data-image-width=\"3983\" data-image-height=\"2296\">\n          <div class=\"u-back-slide\">\n            <img decoding=\"async\" class=\"u-back-image u-expanded\" src=\"https:\/\/golysz.pan.pl\/wp-content\/uploads\/2025\/04\/Dygestorium2-scaled.jpg\">\n          <\/div>\n          <div class=\"u-align-center u-over-slide u-shading u-valign-bottom u-over-slide-14\"><\/div>\n        <\/div>\n        <div class=\"u-gallery-item u-gallery-item-15\" data-image-width=\"3965\" data-image-height=\"2296\">\n          <div class=\"u-back-slide\">\n            <img decoding=\"async\" class=\"u-back-image u-expanded\" src=\"https:\/\/golysz.pan.pl\/wp-content\/uploads\/2025\/04\/Wagowy-scaled.jpg\">\n          <\/div>\n          <div class=\"u-align-center u-over-slide u-shading u-valign-bottom u-over-slide-15\"><\/div>\n        <\/div>\n      <\/div>\n    <\/section>\n    <section class=\"u-clearfix u-section-5\" id=\"sec-9d65\">\n      <div class=\"u-clearfix u-sheet u-sheet-1\">\n        <p class=\"u-text u-text-default u-text-1\">NAPISZ DO NAS <\/p>\n        <div class=\"u-align-center u-form u-form-1\">\n          <form action=\"https:\/\/forms.nicepagesrv.com\/v2\/form\/process\" class=\"u-clearfix u-form-spacing-10 u-form-vertical u-inner-form\" style=\"padding: 0px;\" source=\"email\" name=\"form-5\">\n            <div class=\"u-form-group u-form-name u-label-none\">\n              <label class=\"u-label\">Name<\/label>\n              <input type=\"text\" placeholder=\"Imi\u0119 i Nazwisko\" id=\"name-5359\" name=\"name\" class=\"u-input u-input-rectangle\" required=\"\">\n            <\/div>\n            <div class=\"u-form-email u-form-group u-label-none\">\n              <label class=\"u-label\">Email<\/label>\n              <input type=\"email\" placeholder=\"Tw\u00f3j adres e-mail\" id=\"email-5359\" name=\"email\" class=\"u-input u-input-rectangle\" required=\"\">\n            <\/div>\n            <div class=\"u-form-group u-form-message u-label-none\">\n              <label class=\"u-label\">Address<\/label>\n              <textarea placeholder=\"Tre\u015b\u0107 wiadomo\u015bci\u200b\" id=\"message-5359\" name=\"message\" class=\"u-input u-input-rectangle\" required=\"\"><\/textarea>\n            <\/div>\n            <div class=\"u-form-group u-form-submit\">\n              <a href=\"#\" class=\"u-btn u-btn-round u-btn-submit u-button-style u-radius u-btn-1\">Wy\u015blij <\/a>\n              <input type=\"submit\" value=\"submit\" class=\"u-form-control-hidden\">\n            <\/div>\n            <div class=\"u-form-send-message u-form-send-success\">Thank you! Your message has been sent.<\/div>\n            <div class=\"u-form-send-error u-form-send-message\">Unable to send your message. Please fix errors then try again.<\/div>\n            <input type=\"hidden\" value=\"\" name=\"recaptchaResponse\">\n            <input type=\"hidden\" name=\"formServices\" value=\"d7ee4af4-f7c2-abbb-ad00-8da0e2bceade\">\n          <\/form>\n        <\/div>\n      <\/div>\n    <\/section>\n    <section class=\"u-align-center u-clearfix u-container-align-center u-image u-shading u-section-6\" src=\"\" id=\"sec-e548\" data-image-width=\"3967\" data-image-height=\"2703\" style=\"background-image: linear-gradient(0deg, rgba(0, 0, 0, 0.5), rgba(0, 0, 0, 0.5)), url(&quot;https:\/\/golysz.pan.pl\/wp-content\/uploads\/2024\/08\/IMG_20210518_194746.jpg&quot;);\">\n      <div class=\"u-clearfix u-sheet u-sheet-1\">\n        <h2 class=\"u-text u-text-1\">Zak\u0142ad Ichtiobiologii i Gospodarki Rybackiej w Go\u0142yszu<\/h2>\n        <p class=\"u-text u-text-2\">ul. Kalinowa 2, 43-520 Zaborze<\/p>\n        <p class=\"u-text u-text-3\">Tel. \u200b+48 33 856 15 51<br>\n        <\/p>\n        <p class=\"u-text u-text-4\">zigr@golysz.pan.pl<br>\n        <\/p>\n      <\/div>\n    <\/section>\n    \n    \n    \n  \n","protected":false},"excerpt":{"rendered":"<p>Witamy na stronie Zak\u0142adu Ichtiobiologii&nbsp;i Gospodarki Rybackiej w Go\u0142yszu Wykonujemy badania w systemie DPL Prowadzimy szkolenia w zakresie gospodarki stawowej Wykonujemy diagnostyk\u0119 chor\u00f3b ryb Oferujemy materia\u0142 obsadowy naszA oferta&#8230; Og\u0142oszenia O nas Kontakt NAPISZ DO NAS Name Email Address Wy\u015blij Thank you! Your message has been sent. Unable to send your message. Please fix errors &hellip; <a href=\"https:\/\/golysz.pan.pl\/\" class=\"more-link\">Continue reading<span class=\"screen-reader-text\"> &#8222;Strona g\u0142\u00f3wna&#8221;<\/span><\/a><\/p>\n","protected":false},"author":2,"featured_media":0,"parent":0,"menu_order":5,"comment_status":"closed","ping_status":"closed","template":"","meta":{"footnotes":""},"class_list":["post-56","page","type-page","status-publish","hentry"],"_links":{"self":[{"href":"https:\/\/golysz.pan.pl\/index.php?rest_route=\/wp\/v2\/pages\/56","targetHints":{"allow":["GET"]}}],"collection":[{"href":"https:\/\/golysz.pan.pl\/index.php?rest_route=\/wp\/v2\/pages"}],"about":[{"href":"https:\/\/golysz.pan.pl\/index.php?rest_route=\/wp\/v2\/types\/page"}],"author":[{"embeddable":true,"href":"https:\/\/golysz.pan.pl\/index.php?rest_route=\/wp\/v2\/users\/2"}],"replies":[{"embeddable":true,"href":"https:\/\/golysz.pan.pl\/index.php?rest_route=%2Fwp%2Fv2%2Fcomments&post=56"}],"version-history":[{"count":18,"href":"https:\/\/golysz.pan.pl\/index.php?rest_route=\/wp\/v2\/pages\/56\/revisions"}],"predecessor-version":[{"id":252,"href":"https:\/\/golysz.pan.pl\/index.php?rest_route=\/wp\/v2\/pages\/56\/revisions\/252"}],"wp:attachment":[{"href":"https:\/\/golysz.pan.pl\/index.php?rest_route=%2Fwp%2Fv2%2Fmedia&parent=56"}],"curies":[{"name":"wp","href":"https:\/\/api.w.org\/{rel}","templated":true}]}}